{"id":338,"date":"2022-04-08T10:55:10","date_gmt":"2022-04-08T08:55:10","guid":{"rendered":"http:\/\/planete-b.eu\/index.php\/teluro\/"},"modified":"2023-08-30T17:51:47","modified_gmt":"2023-08-30T15:51:47","slug":"teluro","status":"publish","type":"page","link":"https:\/\/planete-b.eu\/","title":{"rendered":"Front Page"},"content":{"rendered":"<div class=\"style-202 style-local-338-c1 position-relative\" data-colibri-id=\"338-c1\">\n<div id=\"initial-content\" class=\"h-section h-section-global-spacing d-flex align-items-lg-center align-items-md-center align-items-center style-203 style-local-338-c2 position-relative\" data-colibri-component=\"section\" data-colibri-id=\"338-c2\">\n<div class=\"h-section-grid-container h-section-boxed-container\">\n<div class=\"h-row-container gutters-row-lg-2 gutters-row-md-2 gutters-row-0 gutters-row-v-lg-2 gutters-row-v-md-2 gutters-row-v-2 style-298 style-local-338-c10 position-relative\" data-colibri-id=\"338-c10\">\n<div class=\"h-row justify-content-lg-center justify-content-md-center justify-content-center align-items-lg-stretch align-items-md-stretch align-items-stretch gutters-col-lg-2 gutters-col-md-2 gutters-col-0 gutters-col-v-lg-2 gutters-col-v-md-2 gutters-col-v-2\">\n<div class=\"h-column h-column-container d-flex h-col-lg-auto h-col-md-auto h-col-auto style-299-outer style-local-338-c11-outer\">\n<div class=\"d-flex h-flex-basis h-column__inner h-px-lg-2 h-px-md-2 h-px-2 v-inner-lg-2 v-inner-md-2 v-inner-2 style-299 style-local-338-c11 position-relative\" data-colibri-id=\"338-c11\">\n<div class=\"w-100 h-y-container h-column__content h-column__v-align flex-basis-100 align-self-lg-start align-self-md-start align-self-start\">\n<div class=\"h-text h-text-component style-301 style-local-338-c13 position-relative h-element\" data-colibri-id=\"338-c13\">\n<div class=\"\">\n<p style=\"text-align: center;\"><strong>Le Principe de Plan\u00e8te B ?<\/strong><\/p>\n<\/div>\n<\/div>\n<\/div>\n<\/div>\n<\/div>\n<\/div>\n<\/div>\n<div class=\"h-row-container gutters-row-lg-0 gutters-row-md-0 gutters-row-0 gutters-row-v-lg-0 gutters-row-v-md-0 gutters-row-v-0 style-293 style-local-338-c3 position-relative\" data-colibri-id=\"338-c3\">\n<div class=\"h-row justify-content-lg-center justify-content-md-center justify-content-center align-items-lg-stretch align-items-md-stretch align-items-stretch gutters-col-lg-0 gutters-col-md-0 gutters-col-0 gutters-col-v-lg-0 gutters-col-v-md-0 gutters-col-v-0\">\n<div class=\"h-column h-column-container d-flex h-col-lg-auto h-col-md-auto h-col-auto style-294-outer style-local-338-c4-outer\">\n<div class=\"d-flex h-flex-basis h-column__inner h-px-lg-2 h-px-md-2 h-px-2 v-inner-lg-2 v-inner-md-2 v-inner-2 style-294 style-local-338-c4 position-relative\" data-colibri-id=\"338-c4\">\n<div class=\"w-100 h-y-container h-column__content h-column__v-align flex-basis-100 align-self-lg-start align-self-md-start align-self-start\">\n<div class=\"h-text h-text-component style-296 style-local-338-c5 position-relative h-element\" data-colibri-id=\"338-c5\">\n<div class=\"\">\n<p>Redonner vite aux mat\u00e9riaux et \u00e9quipements rebuts, r\u00e9-enchanter les d\u00e9chets en \u00e9cole comme en entreprise gr\u00e2ce \u00e0 des ateliers sur mesure.<\/p>\n<\/div>\n<\/div>\n<\/div>\n<\/div>\n<\/div>\n<\/div>\n<\/div>\n<div class=\"h-row-container gutters-row-lg-2 gutters-row-md-2 gutters-row-0 gutters-row-v-lg-2 gutters-row-v-md-2 gutters-row-v-2 style-204 style-local-338-c6 position-relative\" data-colibri-id=\"338-c6\">\n<div class=\"h-row justify-content-lg-center justify-content-md-center justify-content-center align-items-lg-stretch align-items-md-stretch align-items-stretch gutters-col-lg-2 gutters-col-md-2 gutters-col-0 gutters-col-v-lg-2 gutters-col-v-md-2 gutters-col-v-2\">\n<div class=\"h-column h-column-container d-flex h-col-lg-auto h-col-md-auto h-col-auto style-205-outer style-local-338-c7-outer\">\n<div class=\"d-flex h-flex-basis h-column__inner h-px-lg-2 h-px-md-2 h-px-2 v-inner-lg-2 v-inner-md-2 v-inner-2 style-205 style-local-338-c7 position-relative\" data-colibri-id=\"338-c7\">\n<div class=\"w-100 h-y-container h-column__content h-column__v-align flex-basis-100 align-self-lg-start align-self-md-start align-self-start\">\n<div class=\"d-block style-284 style-local-338-c8 position-relative h-element\" data-colibri-id=\"338-c8\">\n<div class=\"h-image__frame-container-outer\">\n<div class=\"h-image__frame-container\">\n<p><img loading=\"lazy\" width=\"4269\" height=\"2400\" class=\"wp-image-985 style-284-image style-local-338-c8-image\" src=\"https:\/\/i0.wp.com\/planete-b.eu\/wp-content\/uploads\/2023\/08\/Le-principe-de-Plane\u0300te-B-Redonner-vie-aux-mate\u0301riaux-et-e\u0301quipements-rebuts-re\u0301-enchanter-les-de\u0301chets-en-e\u0301cole-comme-en-entreprise-gra\u0302ce-a\u0300-des-ateliers-conc\u0327us-sur-mesure.-1.png?resize=4269%2C2400&#038;ssl=1\" srcset=\"https:\/\/i0.wp.com\/planete-b.eu\/wp-content\/uploads\/2023\/08\/Le-principe-de-Plane\u0300te-B-Redonner-vie-aux-mate\u0301riaux-et-e\u0301quipements-rebuts-re\u0301-enchanter-les-de\u0301chets-en-e\u0301cole-comme-en-entreprise-gra\u0302ce-a\u0300-des-ateliers-conc\u0327us-sur-mesure.-1.png?w=4269&amp;ssl=1 4269w, https:\/\/i0.wp.com\/planete-b.eu\/wp-content\/uploads\/2023\/08\/Le-principe-de-Plane\u0300te-B-Redonner-vie-aux-mate\u0301riaux-et-e\u0301quipements-rebuts-re\u0301-enchanter-les-de\u0301chets-en-e\u0301cole-comme-en-entreprise-gra\u0302ce-a\u0300-des-ateliers-conc\u0327us-sur-mesure.-1.png?resize=300%2C169&amp;ssl=1 300w, https:\/\/i0.wp.com\/planete-b.eu\/wp-content\/uploads\/2023\/08\/Le-principe-de-Plane\u0300te-B-Redonner-vie-aux-mate\u0301riaux-et-e\u0301quipements-rebuts-re\u0301-enchanter-les-de\u0301chets-en-e\u0301cole-comme-en-entreprise-gra\u0302ce-a\u0300-des-ateliers-conc\u0327us-sur-mesure.-1.png?resize=1024%2C576&amp;ssl=1 1024w, https:\/\/i0.wp.com\/planete-b.eu\/wp-content\/uploads\/2023\/08\/Le-principe-de-Plane\u0300te-B-Redonner-vie-aux-mate\u0301riaux-et-e\u0301quipements-rebuts-re\u0301-enchanter-les-de\u0301chets-en-e\u0301cole-comme-en-entreprise-gra\u0302ce-a\u0300-des-ateliers-conc\u0327us-sur-mesure.-1.png?resize=768%2C432&amp;ssl=1 768w, https:\/\/i0.wp.com\/planete-b.eu\/wp-content\/uploads\/2023\/08\/Le-principe-de-Plane\u0300te-B-Redonner-vie-aux-mate\u0301riaux-et-e\u0301quipements-rebuts-re\u0301-enchanter-les-de\u0301chets-en-e\u0301cole-comme-en-entreprise-gra\u0302ce-a\u0300-des-ateliers-conc\u0327us-sur-mesure.-1.png?resize=1536%2C864&amp;ssl=1 1536w, https:\/\/i0.wp.com\/planete-b.eu\/wp-content\/uploads\/2023\/08\/Le-principe-de-Plane\u0300te-B-Redonner-vie-aux-mate\u0301riaux-et-e\u0301quipements-rebuts-re\u0301-enchanter-les-de\u0301chets-en-e\u0301cole-comme-en-entreprise-gra\u0302ce-a\u0300-des-ateliers-conc\u0327us-sur-mesure.-1.png?resize=2048%2C1151&amp;ssl=1 2048w, https:\/\/i0.wp.com\/planete-b.eu\/wp-content\/uploads\/2023\/08\/Le-principe-de-Plane\u0300te-B-Redonner-vie-aux-mate\u0301riaux-et-e\u0301quipements-rebuts-re\u0301-enchanter-les-de\u0301chets-en-e\u0301cole-comme-en-entreprise-gra\u0302ce-a\u0300-des-ateliers-conc\u0327us-sur-mesure.-1.png?w=3000&amp;ssl=1 3000w\" sizes=\"(max-width: 1000px) 100vw, 1000px\" data-recalc-dims=\"1\" \/><\/p>\n<div class=\"h-image__frame h-hide-lg h-hide-md h-hide-sm style-284-frameImage style-local-338-c8-frameImage\"><\/div>\n<\/div>\n<\/div>\n<\/div>\n<\/div>\n<\/div>\n<\/div>\n<\/div>\n<\/div>\n<\/div>\n<\/div>\n<\/div>\n","protected":false},"excerpt":{"rendered":"<p>Le Principe de Plan\u00e8te B ? Redonner vite aux mat\u00e9riaux et \u00e9quipements rebuts, r\u00e9-enchanter les d\u00e9chets en \u00e9cole comme en entreprise gr\u00e2ce \u00e0 des ateliers sur mesure.<\/p>\n","protected":false},"author":1,"featured_media":0,"parent":0,"menu_order":0,"comment_status":"closed","ping_status":"closed","template":"page-templates\/homepage.php","meta":[],"_links":{"self":[{"href":"https:\/\/planete-b.eu\/index.php\/wp-json\/wp\/v2\/pages\/338"}],"collection":[{"href":"https:\/\/planete-b.eu\/index.php\/wp-json\/wp\/v2\/pages"}],"about":[{"href":"https:\/\/planete-b.eu\/index.php\/wp-json\/wp\/v2\/types\/page"}],"author":[{"embeddable":true,"href":"https:\/\/planete-b.eu\/index.php\/wp-json\/wp\/v2\/users\/1"}],"replies":[{"embeddable":true,"href":"https:\/\/planete-b.eu\/index.php\/wp-json\/wp\/v2\/comments?post=338"}],"version-history":[{"count":22,"href":"https:\/\/planete-b.eu\/index.php\/wp-json\/wp\/v2\/pages\/338\/revisions"}],"predecessor-version":[{"id":1059,"href":"https:\/\/planete-b.eu\/index.php\/wp-json\/wp\/v2\/pages\/338\/revisions\/1059"}],"wp:attachment":[{"href":"https:\/\/planete-b.eu\/index.php\/wp-json\/wp\/v2\/media?parent=338"}],"curies":[{"name":"wp","href":"https:\/\/api.w.org\/{rel}","templated":true}]}}