{"id":133,"date":"2021-05-28T11:52:21","date_gmt":"2021-05-28T09:52:21","guid":{"rendered":"http:\/\/planete-b.eu\/?page_id=133"},"modified":"2023-08-30T19:49:33","modified_gmt":"2023-08-30T17:49:33","slug":"a-propos","status":"publish","type":"page","link":"https:\/\/planete-b.eu\/index.php\/a-propos\/","title":{"rendered":"\u00c0 propos"},"content":{"rendered":"\n<p class=\"has-text-align-center\"><em><strong>Mais qui se cache derri\u00e8re Plan\u00e8te B ?<\/strong><\/em><\/p>\n\n\n<div class=\"wp-block-image\">\n<figure class=\"aligncenter size-full is-resized\"><img loading=\"lazy\" src=\"https:\/\/i0.wp.com\/planete-b.eu\/wp-content\/uploads\/2023\/08\/Copie-de-New-logo-2.png?resize=375%2C375&#038;ssl=1\" alt=\"\" class=\"wp-image-994\" width=\"375\" height=\"375\" srcset=\"https:\/\/i0.wp.com\/planete-b.eu\/wp-content\/uploads\/2023\/08\/Copie-de-New-logo-2.png?w=500&amp;ssl=1 500w, https:\/\/i0.wp.com\/planete-b.eu\/wp-content\/uploads\/2023\/08\/Copie-de-New-logo-2.png?resize=300%2C300&amp;ssl=1 300w, https:\/\/i0.wp.com\/planete-b.eu\/wp-content\/uploads\/2023\/08\/Copie-de-New-logo-2.png?resize=150%2C150&amp;ssl=1 150w, https:\/\/i0.wp.com\/planete-b.eu\/wp-content\/uploads\/2023\/08\/Copie-de-New-logo-2.png?resize=100%2C100&amp;ssl=1 100w\" sizes=\"(max-width: 375px) 100vw, 375px\" data-recalc-dims=\"1\" \/><\/figure><\/div>\n\n\n<p class=\"has-text-align-center has-small-font-size\"><em>Lucie, cr\u00e9atrice de Plan\u00e8te B<\/em><\/p>\n\n\n\n<p class=\"has-text-align-center\">J&rsquo;ai toujours \u00e9prouv\u00e9 un vif enthousiasme pour le bricolage et la cr\u00e9ation en utilisant les ressources \u00e0 ma disposition.<\/p>\n\n\n\n<p class=\"has-text-align-center\">En parall\u00e8le de mes \u00e9tudes, je me suis lanc\u00e9e dans diverses formes d&rsquo;expression artistique et cr\u00e9ative comme le collage, le <em>paper art<\/em>,&nbsp; la peinture et toutes formes de customisation, tout en adoptant la philosophie du <em>DIY <\/em>(Do It Yourself). J&rsquo;ai progressivement orient\u00e9 mon attention vers des mat\u00e9riaux plus modestes en donnant une nouvelle vie aux objets r\u00e9cup\u00e9r\u00e9s dans les brocantes ou enfouis dans mes tiroirs.<\/p>\n\n\n\n<p class=\"has-text-align-center\">Lors de mon Master en m\u00e9diation culturelle, je me suis sp\u00e9cialis\u00e9e dans la conception de projets culturels et \u00e9ducatifs en partenariat. Mon ambition \u00e9tait de conduire des initiatives artistiques destin\u00e9es aux jeunes publics, et de partager des comp\u00e9tences qui me tenaient particuli\u00e8rement \u00e0 c\u0153ur.<\/p>\n\n\n\n<p class=\"has-text-align-center\">Mes exp\u00e9riences professionnelles ont ensuite fait germer les pr\u00e9mices de Plan\u00e8te B. En r\u00e9cup\u00e9rant des objets destin\u00e9s \u00e0 \u00eatre jet\u00e9s (des pochettes en carton ab\u00eem\u00e9es, des bo\u00eetes pour papier d&rsquo;imprimante \u2026 ) j&rsquo;ai commenc\u00e9 \u00e0 concevoir des d\u00e9cors et des costumes pour des \u00e9v\u00e9nements, festivals, sc\u00e9nographie.<\/p>\n\n\n\n<p class=\"has-text-align-center\">C&rsquo;est lors d&rsquo;un voyage en Tha\u00eflande en 2019 que l\u2019id\u00e9e Plan\u00e8te B s\u2019est cristallis\u00e9e. J&rsquo;ai collabor\u00e9 avec l&rsquo;organisme Art of Change pour animer des ateliers Maskbook. Le concept \u00e9tait simple mais puissant : engager des discussions avec les gens, les encourager \u00e0 personnaliser des masques antipollution en utilisant des emballages et des d\u00e9chets plastiques, tout en leur insufflant une histoire. Cette approche innovante a non seulement sensibilis\u00e9 les consciences, mais a \u00e9galement g\u00e9n\u00e9r\u00e9 de la cr\u00e9ativit\u00e9.<\/p>\n\n\n\n<p class=\"has-text-align-center\">C\u2019est ainsi qu\u2019en combinant mes comp\u00e9tences, mes exp\u00e9riences en animation et mon engagement envers la pr\u00e9servation de notre environnement, je vous propose des projets s\u00fbr-mesure, respectueux de l&rsquo;environnement et ax\u00e9 sur la collaboration .&nbsp;<\/p>\n\n\n\n<p class=\"has-text-align-center\">J&rsquo;ai h\u00e2te de vous retrouver prochainement pour partager un moment convivial empreint de cr\u00e9ativit\u00e9 !<\/p>\n\n\n\n<figure class=\"wp-block-image\"><img alt=\"\"\/><\/figure>\n\n\n\n<p><\/p>\n\n\n\n<p><\/p>\n\n\n\n<p class=\"has-text-align-center\"><\/p>\n","protected":false},"excerpt":{"rendered":"<p>Mais qui se cache derri\u00e8re Plan\u00e8te B ? Lucie, cr\u00e9atrice de Plan\u00e8te B J&rsquo;ai toujours \u00e9prouv\u00e9 un vif enthousiasme pour le bricolage et la cr\u00e9ation en utilisant les ressources \u00e0 ma disposition. En parall\u00e8le de mes \u00e9tudes, je me suis lanc\u00e9e dans diverses formes d&rsquo;expression artistique et cr\u00e9ative comme le collage, le paper art,&nbsp; la [&hellip;]<\/p>\n","protected":false},"author":1,"featured_media":0,"parent":0,"menu_order":0,"comment_status":"closed","ping_status":"closed","template":"","meta":[],"_links":{"self":[{"href":"https:\/\/planete-b.eu\/index.php\/wp-json\/wp\/v2\/pages\/133"}],"collection":[{"href":"https:\/\/planete-b.eu\/index.php\/wp-json\/wp\/v2\/pages"}],"about":[{"href":"https:\/\/planete-b.eu\/index.php\/wp-json\/wp\/v2\/types\/page"}],"author":[{"embeddable":true,"href":"https:\/\/planete-b.eu\/index.php\/wp-json\/wp\/v2\/users\/1"}],"replies":[{"embeddable":true,"href":"https:\/\/planete-b.eu\/index.php\/wp-json\/wp\/v2\/comments?post=133"}],"version-history":[{"count":14,"href":"https:\/\/planete-b.eu\/index.php\/wp-json\/wp\/v2\/pages\/133\/revisions"}],"predecessor-version":[{"id":1062,"href":"https:\/\/planete-b.eu\/index.php\/wp-json\/wp\/v2\/pages\/133\/revisions\/1062"}],"wp:attachment":[{"href":"https:\/\/planete-b.eu\/index.php\/wp-json\/wp\/v2\/media?parent=133"}],"curies":[{"name":"wp","href":"https:\/\/api.w.org\/{rel}","templated":true}]}}